{"id":8700,"date":"2023-07-05T13:33:55","date_gmt":"2023-07-05T13:33:55","guid":{"rendered":"https:\/\/www.ier.si\/?page_id=8700"},"modified":"2023-10-26T09:45:09","modified_gmt":"2023-10-26T09:45:09","slug":"projektna-pisarna","status":"publish","type":"page","link":"https:\/\/www.ier.si\/en\/projektna-pisarna\/","title":{"rendered":"Project office"},"content":{"rendered":"<div data-elementor-type=\"wp-page\" data-elementor-id=\"8700\" class=\"elementor elementor-8700\" data-elementor-settings=\"{&quot;ha_cmc_init_switcher&quot;:&quot;no&quot;}\" data-elementor-post-type=\"page\">\n\t\t\t\t\t\t<section class=\"elementor-section elementor-top-section elementor-element elementor-element-14f259f elementor-section-full_width elementor-section-height-default elementor-section-height-default wpr-particle-no wpr-jarallax-no wpr-parallax-no wpr-sticky-section-no wpr-equal-height-no\" data-id=\"14f259f\" data-element_type=\"section\" data-e-type=\"section\" data-settings=\"{&quot;background_background&quot;:&quot;classic&quot;,&quot;_ha_eqh_enable&quot;:false}\">\n\t\t\t\t\t\t\t<div class=\"elementor-background-overlay\"><\/div>\n\t\t\t\t\t\t\t<div class=\"elementor-container elementor-column-gap-default\">\n\t\t\t\t\t<div class=\"elementor-column elementor-col-33 elementor-top-column elementor-element elementor-element-479ccfb\" data-id=\"479ccfb\" data-element_type=\"column\" data-e-type=\"column\">\n\t\t\t<div class=\"elementor-widget-wrap\">\n\t\t\t\t\t\t\t<\/div>\n\t\t<\/div>\n\t\t\t\t<div class=\"elementor-column elementor-col-33 elementor-top-column elementor-element elementor-element-9c24139\" data-id=\"9c24139\" data-element_type=\"column\" data-e-type=\"column\">\n\t\t\t<div class=\"elementor-widget-wrap elementor-element-populated\">\n\t\t\t\t\t\t<div class=\"elementor-element elementor-element-40633f3 elementor-widget-divider--view-line elementor-widget elementor-widget-divider\" data-id=\"40633f3\" data-element_type=\"widget\" data-e-type=\"widget\" data-widget_type=\"divider.default\">\n\t\t\t\t<div class=\"elementor-widget-container\">\n\t\t\t\t\t\t\t<div class=\"elementor-divider\">\n\t\t\t<span class=\"elementor-divider-separator\">\n\t\t\t\t\t\t<\/span>\n\t\t<\/div>\n\t\t\t\t\t\t<\/div>\n\t\t\t\t<\/div>\n\t\t\t\t<div class=\"elementor-element elementor-element-4ad3b8ef elementor-view-default elementor-widget elementor-widget-icon\" data-id=\"4ad3b8ef\" data-element_type=\"widget\" data-e-type=\"widget\" data-widget_type=\"icon.default\">\n\t\t\t\t<div class=\"elementor-widget-container\">\n\t\t\t\t\t\t\t<div class=\"elementor-icon-wrapper\">\n\t\t\t<div class=\"elementor-icon\">\n\t\t\t<i aria-hidden=\"true\" class=\"hm hm-centralize\"><\/i>\t\t\t<\/div>\n\t\t<\/div>\n\t\t\t\t\t\t<\/div>\n\t\t\t\t<\/div>\n\t\t\t\t<div class=\"elementor-element elementor-element-7df3e14 elementor-widget elementor-widget-heading\" data-id=\"7df3e14\" data-element_type=\"widget\" data-e-type=\"widget\" data-widget_type=\"heading.default\">\n\t\t\t\t<div class=\"elementor-widget-container\">\n\t\t\t\t\t<h2 class=\"elementor-heading-title elementor-size-default\"><span style=\"text-transform: uppercase\">PROJECT OFFICE<\/span><\/h2>\t\t\t\t<\/div>\n\t\t\t\t<\/div>\n\t\t\t\t<div class=\"elementor-element elementor-element-9936b94 elementor-widget elementor-widget-text-editor\" data-id=\"9936b94\" data-element_type=\"widget\" data-e-type=\"widget\" data-widget_type=\"text-editor.default\">\n\t\t\t\t<div class=\"elementor-widget-container\">\n\t\t\t\t\t\t\t\t\t<p>The IER Project Office is the focal point for comprehensive information, advice, administrative and financial support for IER researchers in the planning, application, implementation and monitoring of projects.<\/p><p>In order to provide efficient and integrated project support, the Project Office works closely on a day-to-day basis with the researchers engaged as project leaders, project partners, research team leaders, as well as with general sector personnel in the areas of accounting and finance, the library and the management.<\/p>\t\t\t\t\t\t\t\t<\/div>\n\t\t\t\t<\/div>\n\t\t\t\t<div class=\"elementor-element elementor-element-097c510 elementor-widget elementor-widget-text-editor\" data-id=\"097c510\" data-element_type=\"widget\" data-e-type=\"widget\" data-widget_type=\"text-editor.default\">\n\t\t\t\t<div class=\"elementor-widget-container\">\n\t\t\t\t\t\t\t\t\t<p><strong>The Project Office:<\/strong><\/p><ul><li>supports IER management in decision-making and strategic direction of research activities;<\/li><li>provides researchers with information on current calls for proposals and other information that is relevant to obtaining funding for research projects;<\/li><li>works with the main stakeholders (national contact points) in the research and innovation field;<\/li><li>supports the identification and establishment of relevant contacts, partnerships and networks at national, regional and international level;<\/li><li>provides professional assistance in all phases of the project application process: identifying an appropriate funding source; assessing the relevance of the project idea; assisting in the conception and design of the project application, including the financial and administrative review of the application; monitoring the application until approval; assisting in the drafting of Framework and Consortium Agreements and other relevant documentation; monitoring the financial and administrative aspects of the implementation of the projects; assisting in the closure of the projects and in the preparation of reports;<\/li><li>prepares analyses and reports on the performance of the projects that have been implemented;<\/li><li>helps to prepare project information to inform the interested public;\u00a0<\/li><li>organises and delivers in-house training, workshops and consultancy on project management and individual calls for proposals;<\/li><li>contributes to the preparation and design of project information on the website.<\/li><\/ul>\t\t\t\t\t\t\t\t<\/div>\n\t\t\t\t<\/div>\n\t\t\t\t\t<\/div>\n\t\t<\/div>\n\t\t\t\t<div class=\"elementor-column elementor-col-33 elementor-top-column elementor-element elementor-element-9136b4e\" data-id=\"9136b4e\" data-element_type=\"column\" data-e-type=\"column\">\n\t\t\t<div class=\"elementor-widget-wrap elementor-element-populated\">\n\t\t\t\t\t\t<section class=\"elementor-section elementor-inner-section elementor-element elementor-element-d4eeaa0 elementor-section-boxed elementor-section-height-default elementor-section-height-default wpr-particle-no wpr-jarallax-no wpr-parallax-no wpr-sticky-section-no wpr-equal-height-no\" data-id=\"d4eeaa0\" data-element_type=\"section\" data-e-type=\"section\" data-settings=\"{&quot;_ha_eqh_enable&quot;:false}\">\n\t\t\t\t\t\t<div class=\"elementor-container elementor-column-gap-default\">\n\t\t\t\t\t<div class=\"elementor-column elementor-col-100 elementor-inner-column elementor-element elementor-element-e6768a3\" data-id=\"e6768a3\" data-element_type=\"column\" data-e-type=\"column\" data-settings=\"{&quot;background_background&quot;:&quot;classic&quot;}\">\n\t\t\t<div class=\"elementor-widget-wrap elementor-element-populated\">\n\t\t\t\t\t\t<div class=\"elementor-element elementor-element-d3142c8 elementor-widget elementor-widget-image\" data-id=\"d3142c8\" data-element_type=\"widget\" data-e-type=\"widget\" data-widget_type=\"image.default\">\n\t\t\t\t<div class=\"elementor-widget-container\">\n\t\t\t\t\t\t\t\t\t\t\t\t\t\t\t<img decoding=\"async\" width=\"150\" height=\"150\" src=\"https:\/\/www.ier.si\/wp-content\/uploads\/2023\/09\/Larisa_IER-scaled-e1695192932408-150x150.jpg\" class=\"attachment-thumbnail size-thumbnail wp-image-8963\" alt=\"\" \/>\t\t\t\t\t\t\t\t\t\t\t\t\t\t\t<\/div>\n\t\t\t\t<\/div>\n\t\t\t\t<div class=\"elementor-element elementor-element-1b11d6b elementor-widget elementor-widget-text-editor\" data-id=\"1b11d6b\" data-element_type=\"widget\" data-e-type=\"widget\" data-widget_type=\"text-editor.default\">\n\t\t\t\t<div class=\"elementor-widget-container\">\n\t\t\t\t\t\t\t\t\t<p>Larisa VODEB, MSc<br \/>Primary contact<\/p><p>t. +386 1 5303 868<br \/>e. <a href=\"mailto:larisa.vodeb@ier.si\">larisa.vodeb@ier.si<\/a><\/p>\t\t\t\t\t\t\t\t<\/div>\n\t\t\t\t<\/div>\n\t\t\t\t\t<\/div>\n\t\t<\/div>\n\t\t\t\t\t<\/div>\n\t\t<\/section>\n\t\t\t\t\t<\/div>\n\t\t<\/div>\n\t\t\t\t\t<\/div>\n\t\t<\/section>\n\t\t\t\t<section class=\"elementor-section elementor-top-section elementor-element elementor-element-2b3751e elementor-section-full_width elementor-section-height-default elementor-section-height-default wpr-particle-no wpr-jarallax-no wpr-parallax-no wpr-sticky-section-no wpr-equal-height-no\" data-id=\"2b3751e\" data-element_type=\"section\" data-e-type=\"section\" data-settings=\"{&quot;background_background&quot;:&quot;classic&quot;,&quot;_ha_eqh_enable&quot;:false}\">\n\t\t\t\t\t\t\t<div class=\"elementor-background-overlay\"><\/div>\n\t\t\t\t\t\t\t<div class=\"elementor-container elementor-column-gap-default\">\n\t\t\t\t\t<div class=\"elementor-column elementor-col-50 elementor-top-column elementor-element elementor-element-bcde2ec\" data-id=\"bcde2ec\" data-element_type=\"column\" data-e-type=\"column\">\n\t\t\t<div class=\"elementor-widget-wrap\">\n\t\t\t\t\t\t\t<\/div>\n\t\t<\/div>\n\t\t\t\t<div class=\"elementor-column elementor-col-50 elementor-top-column elementor-element elementor-element-647d17e\" data-id=\"647d17e\" data-element_type=\"column\" data-e-type=\"column\">\n\t\t\t<div class=\"elementor-widget-wrap elementor-element-populated\">\n\t\t\t\t\t\t<div class=\"elementor-element elementor-element-506ac91 elementor-widget-divider--view-line elementor-widget elementor-widget-divider\" data-id=\"506ac91\" data-element_type=\"widget\" data-e-type=\"widget\" data-widget_type=\"divider.default\">\n\t\t\t\t<div class=\"elementor-widget-container\">\n\t\t\t\t\t\t\t<div class=\"elementor-divider\">\n\t\t\t<span class=\"elementor-divider-separator\">\n\t\t\t\t\t\t<\/span>\n\t\t<\/div>\n\t\t\t\t\t\t<\/div>\n\t\t\t\t<\/div>\n\t\t\t\t<div class=\"elementor-element elementor-element-487898f elementor-widget elementor-widget-heading\" data-id=\"487898f\" data-element_type=\"widget\" data-e-type=\"widget\" data-widget_type=\"heading.default\">\n\t\t\t\t<div class=\"elementor-widget-container\">\n\t\t\t\t\t<h2 class=\"elementor-heading-title elementor-size-default\">PROJECT OFFICE NEWS AND EVENTS<\/h2>\t\t\t\t<\/div>\n\t\t\t\t<\/div>\n\t\t\t\t<div class=\"elementor-element elementor-element-14e9721 elementor-grid-5 elementor-posts--align-left elementor-grid-tablet-2 elementor-grid-mobile-1 elementor-posts--thumbnail-top elementor-widget elementor-widget-posts\" data-id=\"14e9721\" data-element_type=\"widget\" data-e-type=\"widget\" data-settings=\"{&quot;classic_columns&quot;:&quot;5&quot;,&quot;classic_row_gap&quot;:{&quot;unit&quot;:&quot;px&quot;,&quot;size&quot;:30,&quot;sizes&quot;:[]},&quot;classic_row_gap_mobile&quot;:{&quot;unit&quot;:&quot;px&quot;,&quot;size&quot;:30,&quot;sizes&quot;:[]},&quot;classic_columns_tablet&quot;:&quot;2&quot;,&quot;classic_columns_mobile&quot;:&quot;1&quot;,&quot;classic_row_gap_tablet&quot;:{&quot;unit&quot;:&quot;px&quot;,&quot;size&quot;:&quot;&quot;,&quot;sizes&quot;:[]}}\" data-widget_type=\"posts.classic\">\n\t\t\t\t<div class=\"elementor-widget-container\">\n\t\t\t\t\t\t\t<div class=\"elementor-posts-container elementor-posts elementor-posts--skin-classic elementor-grid\" role=\"list\">\n\t\t\t\t<article class=\"elementor-post elementor-grid-item post-9227 post type-post status-publish format-standard has-post-thumbnail hentry category-novice tag-142 tag-projektnapisarna\" role=\"listitem\">\n\t\t\t\t<a class=\"elementor-post__thumbnail__link\" href=\"https:\/\/www.ier.si\/en\/uspesno-izveden-nacionalni-dan-kaj-ponuja-aktualna-evropska-financna-perspektiva-projektom-kulturne-dediscine\/\" tabindex=\"-1\" >\n\t\t\t<div class=\"elementor-post__thumbnail\"><img fetchpriority=\"high\" decoding=\"async\" width=\"800\" height=\"600\" src=\"https:\/\/www.ier.si\/wp-content\/uploads\/2023\/11\/20231129_100904-1024x768.jpg\" class=\"attachment-large size-large wp-image-9230\" alt=\"\" \/><\/div>\n\t\t<\/a>\n\t\t\t\t<div class=\"elementor-post__text\">\n\t\t\t\t<h3 class=\"elementor-post__title\">\n\t\t\t<a href=\"https:\/\/www.ier.si\/en\/uspesno-izveden-nacionalni-dan-kaj-ponuja-aktualna-evropska-financna-perspektiva-projektom-kulturne-dediscine\/\" >\n\t\t\t\tNacionalni dan &#8220;Kaj ponuja aktualna evropska finan\u010dna perspektiva projektom kulturne dedi\u0161\u010dine&#8221;\t\t\t<\/a>\n\t\t<\/h3>\n\t\t\t\t<div class=\"elementor-post__meta-data\">\n\t\t\t\t\t<span class=\"elementor-post-date\">\n\t\t\t30.11.2023\t\t<\/span>\n\t\t\t\t<\/div>\n\t\t\n\t\t<a class=\"elementor-post__read-more\" href=\"https:\/\/www.ier.si\/en\/uspesno-izveden-nacionalni-dan-kaj-ponuja-aktualna-evropska-financna-perspektiva-projektom-kulturne-dediscine\/\" aria-label=\"Read more about Nacionalni dan &#8220;Kaj ponuja aktualna evropska finan\u010dna perspektiva projektom kulturne dedi\u0161\u010dine&#8221;\" tabindex=\"-1\" >\n\t\t\tRead more \u00bb\t\t<\/a>\n\n\t\t\t\t<\/div>\n\t\t\t\t<\/article>\n\t\t\t\t<article class=\"elementor-post elementor-grid-item post-9151 post type-post status-publish format-standard has-post-thumbnail hentry category-novice tag-142 tag-projektnapisarna\" role=\"listitem\">\n\t\t\t\t<a class=\"elementor-post__thumbnail__link\" href=\"https:\/\/www.ier.si\/en\/vabilo-na-dogodekkaj-ponuja-aktualna-evropska-financna-perspektiva-projektom-kulturne-dediscine\/\" tabindex=\"-1\" >\n\t\t\t<div class=\"elementor-post__thumbnail\"><img decoding=\"async\" width=\"800\" height=\"566\" src=\"https:\/\/www.ier.si\/wp-content\/uploads\/2023\/07\/ROAD3P_logo-1024x725.jpg\" class=\"attachment-large size-large wp-image-8679\" alt=\"Logotip projekta ROAD3P\" \/><\/div>\n\t\t<\/a>\n\t\t\t\t<div class=\"elementor-post__text\">\n\t\t\t\t<h3 class=\"elementor-post__title\">\n\t\t\t<a href=\"https:\/\/www.ier.si\/en\/vabilo-na-dogodekkaj-ponuja-aktualna-evropska-financna-perspektiva-projektom-kulturne-dediscine\/\" >\n\t\t\t\tVabilo na dogodek \u00bbKaj ponuja aktualna evropska finan\u010dna perspektiva projektom kulturne dedi\u0161\u010dine?\u00ab\t\t\t<\/a>\n\t\t<\/h3>\n\t\t\t\t<div class=\"elementor-post__meta-data\">\n\t\t\t\t\t<span class=\"elementor-post-date\">\n\t\t\t27.10.2023\t\t<\/span>\n\t\t\t\t<\/div>\n\t\t\n\t\t<a class=\"elementor-post__read-more\" href=\"https:\/\/www.ier.si\/en\/vabilo-na-dogodekkaj-ponuja-aktualna-evropska-financna-perspektiva-projektom-kulturne-dediscine\/\" aria-label=\"Read more about Vabilo na dogodek \u00bbKaj ponuja aktualna evropska finan\u010dna perspektiva projektom kulturne dedi\u0161\u010dine?\u00ab\" tabindex=\"-1\" >\n\t\t\tRead more \u00bb\t\t<\/a>\n\n\t\t\t\t<\/div>\n\t\t\t\t<\/article>\n\t\t\t\t<article class=\"elementor-post elementor-grid-item post-9139 post type-post status-publish format-standard has-post-thumbnail hentry category-novice tag-142 tag-projektnapisarna\" role=\"listitem\">\n\t\t\t\t<a class=\"elementor-post__thumbnail__link\" href=\"https:\/\/www.ier.si\/en\/uspesno-izvedena-delavnica-o-umetni-inteligenci\/\" tabindex=\"-1\" >\n\t\t\t<div class=\"elementor-post__thumbnail\"><img loading=\"lazy\" decoding=\"async\" width=\"800\" height=\"369\" src=\"https:\/\/www.ier.si\/wp-content\/uploads\/2023\/10\/20231024_092924-1024x472.jpg\" class=\"attachment-large size-large wp-image-9140\" alt=\"\" \/><\/div>\n\t\t<\/a>\n\t\t\t\t<div class=\"elementor-post__text\">\n\t\t\t\t<h3 class=\"elementor-post__title\">\n\t\t\t<a href=\"https:\/\/www.ier.si\/en\/uspesno-izvedena-delavnica-o-umetni-inteligenci\/\" >\n\t\t\t\tUspe\u0161no izvedena delavnica o umetni inteligenci\t\t\t<\/a>\n\t\t<\/h3>\n\t\t\t\t<div class=\"elementor-post__meta-data\">\n\t\t\t\t\t<span class=\"elementor-post-date\">\n\t\t\t26.10.2023\t\t<\/span>\n\t\t\t\t<\/div>\n\t\t\n\t\t<a class=\"elementor-post__read-more\" href=\"https:\/\/www.ier.si\/en\/uspesno-izvedena-delavnica-o-umetni-inteligenci\/\" aria-label=\"Read more about Uspe\u0161no izvedena delavnica o umetni inteligenci\" tabindex=\"-1\" >\n\t\t\tRead more \u00bb\t\t<\/a>\n\n\t\t\t\t<\/div>\n\t\t\t\t<\/article>\n\t\t\t\t<article class=\"elementor-post elementor-grid-item post-9008 post type-post status-publish format-standard has-post-thumbnail hentry category-novice tag-142 tag-projektnapisarna\" role=\"listitem\">\n\t\t\t\t<a class=\"elementor-post__thumbnail__link\" href=\"https:\/\/www.ier.si\/en\/mentorski-sestanek-projekta-road3p\/\" tabindex=\"-1\" >\n\t\t\t<div class=\"elementor-post__thumbnail\"><img loading=\"lazy\" decoding=\"async\" width=\"800\" height=\"590\" src=\"https:\/\/www.ier.si\/wp-content\/uploads\/2023\/09\/road3p_mentor_2023-1024x755.jpg\" class=\"attachment-large size-large wp-image-9010\" alt=\"\" \/><\/div>\n\t\t<\/a>\n\t\t\t\t<div class=\"elementor-post__text\">\n\t\t\t\t<h3 class=\"elementor-post__title\">\n\t\t\t<a href=\"https:\/\/www.ier.si\/en\/mentorski-sestanek-projekta-road3p\/\" >\n\t\t\t\tMentorski sestanek projekta ROAD3P\t\t\t<\/a>\n\t\t<\/h3>\n\t\t\t\t<div class=\"elementor-post__meta-data\">\n\t\t\t\t\t<span class=\"elementor-post-date\">\n\t\t\t29.09.2023\t\t<\/span>\n\t\t\t\t<\/div>\n\t\t\n\t\t<a class=\"elementor-post__read-more\" href=\"https:\/\/www.ier.si\/en\/mentorski-sestanek-projekta-road3p\/\" aria-label=\"Read more about Mentorski sestanek projekta ROAD3P\" tabindex=\"-1\" >\n\t\t\tRead more \u00bb\t\t<\/a>\n\n\t\t\t\t<\/div>\n\t\t\t\t<\/article>\n\t\t\t\t<article class=\"elementor-post elementor-grid-item post-8675 post type-post status-publish format-standard has-post-thumbnail hentry category-novice tag-142 tag-projektnapisarna\" role=\"listitem\">\n\t\t\t\t<a class=\"elementor-post__thumbnail__link\" href=\"https:\/\/www.ier.si\/en\/projekt-road3p\/\" tabindex=\"-1\" >\n\t\t\t<div class=\"elementor-post__thumbnail\"><img decoding=\"async\" width=\"800\" height=\"566\" src=\"https:\/\/www.ier.si\/wp-content\/uploads\/2023\/07\/ROAD3P_logo-1024x725.jpg\" class=\"attachment-large size-large wp-image-8679\" alt=\"Logotip projekta ROAD3P\" \/><\/div>\n\t\t<\/a>\n\t\t\t\t<div class=\"elementor-post__text\">\n\t\t\t\t<h3 class=\"elementor-post__title\">\n\t\t\t<a href=\"https:\/\/www.ier.si\/en\/projekt-road3p\/\" >\n\t\t\t\tZa\u010detek izvajanja projekta ROAD3P\t\t\t<\/a>\n\t\t<\/h3>\n\t\t\t\t<div class=\"elementor-post__meta-data\">\n\t\t\t\t\t<span class=\"elementor-post-date\">\n\t\t\t05.07.2023\t\t<\/span>\n\t\t\t\t<\/div>\n\t\t\n\t\t<a class=\"elementor-post__read-more\" href=\"https:\/\/www.ier.si\/en\/projekt-road3p\/\" aria-label=\"Read more about Za\u010detek izvajanja projekta ROAD3P\" tabindex=\"-1\" >\n\t\t\tRead more \u00bb\t\t<\/a>\n\n\t\t\t\t<\/div>\n\t\t\t\t<\/article>\n\t\t\t\t<\/div>\n\t\t\n\t\t\t\t\t\t<\/div>\n\t\t\t\t<\/div>\n\t\t\t\t\t<\/div>\n\t\t<\/div>\n\t\t\t\t\t<\/div>\n\t\t<\/section>\n\t\t\t\t<\/div>","protected":false},"excerpt":{"rendered":"<p>PROJEKTNA PISARNA Projektna pisarna IER predstavlja osrednje mesto celovite informacijske, svetovalne in administrativno in finan\u010dne<\/p>","protected":false},"author":1,"featured_media":0,"parent":0,"menu_order":0,"comment_status":"closed","ping_status":"closed","template":"elementor_header_footer","meta":{"_acf_changed":false,"footnotes":"","_links_to":"","_links_to_target":""},"class_list":["post-8700","page","type-page","status-publish","hentry"],"acf":[],"publishpress_future_action":{"enabled":false,"date":"2026-04-30 08:38:40","action":"change-status","newStatus":"draft","terms":[],"taxonomy":"","extraData":[]},"publishpress_future_workflow_manual_trigger":{"enabledWorkflows":[]},"_links":{"self":[{"href":"https:\/\/www.ier.si\/en\/wp-json\/wp\/v2\/pages\/8700","targetHints":{"allow":["GET"]}}],"collection":[{"href":"https:\/\/www.ier.si\/en\/wp-json\/wp\/v2\/pages"}],"about":[{"href":"https:\/\/www.ier.si\/en\/wp-json\/wp\/v2\/types\/page"}],"author":[{"embeddable":true,"href":"https:\/\/www.ier.si\/en\/wp-json\/wp\/v2\/users\/1"}],"replies":[{"embeddable":true,"href":"https:\/\/www.ier.si\/en\/wp-json\/wp\/v2\/comments?post=8700"}],"version-history":[{"count":22,"href":"https:\/\/www.ier.si\/en\/wp-json\/wp\/v2\/pages\/8700\/revisions"}],"predecessor-version":[{"id":9150,"href":"https:\/\/www.ier.si\/en\/wp-json\/wp\/v2\/pages\/8700\/revisions\/9150"}],"wp:attachment":[{"href":"https:\/\/www.ier.si\/en\/wp-json\/wp\/v2\/media?parent=8700"}],"curies":[{"name":"wp","href":"https:\/\/api.w.org\/{rel}","templated":true}]}}