{"id":5620,"date":"2022-12-27T11:55:35","date_gmt":"2022-12-27T11:55:35","guid":{"rendered":"https:\/\/ier.si\/?page_id=5620"},"modified":"2025-10-27T18:39:59","modified_gmt":"2025-10-27T18:39:59","slug":"raziskovalni-program","status":"publish","type":"page","link":"https:\/\/www.ier.si\/en\/raziskovalni-program\/","title":{"rendered":"Research program"},"content":{"rendered":"<div data-elementor-type=\"wp-page\" data-elementor-id=\"5620\" class=\"elementor elementor-5620\" data-elementor-settings=\"{&quot;ha_cmc_init_switcher&quot;:&quot;no&quot;}\" data-elementor-post-type=\"page\">\n\t\t\t\t\t\t<section class=\"elementor-section elementor-top-section elementor-element elementor-element-14f259f elementor-section-full_width elementor-section-height-default elementor-section-height-default wpr-particle-no wpr-jarallax-no wpr-parallax-no wpr-sticky-section-no\" data-id=\"14f259f\" data-element_type=\"section\" data-e-type=\"section\" data-settings=\"{&quot;background_background&quot;:&quot;classic&quot;,&quot;_ha_eqh_enable&quot;:false}\">\n\t\t\t\t\t\t\t<div class=\"elementor-background-overlay\"><\/div>\n\t\t\t\t\t\t\t<div class=\"elementor-container elementor-column-gap-default\">\n\t\t\t\t\t<div class=\"elementor-column elementor-col-33 elementor-top-column elementor-element elementor-element-479ccfb\" data-id=\"479ccfb\" data-element_type=\"column\" data-e-type=\"column\">\n\t\t\t<div class=\"elementor-widget-wrap\">\n\t\t\t\t\t\t\t<\/div>\n\t\t<\/div>\n\t\t\t\t<div class=\"elementor-column elementor-col-33 elementor-top-column elementor-element elementor-element-9c24139\" data-id=\"9c24139\" data-element_type=\"column\" data-e-type=\"column\">\n\t\t\t<div class=\"elementor-widget-wrap elementor-element-populated\">\n\t\t\t\t\t\t<div class=\"elementor-element elementor-element-40633f3 elementor-widget-divider--view-line elementor-widget elementor-widget-divider\" data-id=\"40633f3\" data-element_type=\"widget\" data-e-type=\"widget\" data-widget_type=\"divider.default\">\n\t\t\t\t<div class=\"elementor-widget-container\">\n\t\t\t\t\t\t\t<div class=\"elementor-divider\">\n\t\t\t<span class=\"elementor-divider-separator\">\n\t\t\t\t\t\t<\/span>\n\t\t<\/div>\n\t\t\t\t\t\t<\/div>\n\t\t\t\t<\/div>\n\t\t\t\t<div class=\"elementor-element elementor-element-4ad3b8ef elementor-view-default elementor-widget elementor-widget-icon\" data-id=\"4ad3b8ef\" data-element_type=\"widget\" data-e-type=\"widget\" data-widget_type=\"icon.default\">\n\t\t\t\t<div class=\"elementor-widget-container\">\n\t\t\t\t\t\t\t<div class=\"elementor-icon-wrapper\">\n\t\t\t<div class=\"elementor-icon\">\n\t\t\t<i aria-hidden=\"true\" class=\"fas fa-chart-line\"><\/i>\t\t\t<\/div>\n\t\t<\/div>\n\t\t\t\t\t\t<\/div>\n\t\t\t\t<\/div>\n\t\t\t\t<div class=\"elementor-element elementor-element-7df3e14 elementor-widget elementor-widget-heading\" data-id=\"7df3e14\" data-element_type=\"widget\" data-e-type=\"widget\" data-widget_type=\"heading.default\">\n\t\t\t\t<div class=\"elementor-widget-container\">\n\t\t\t\t\t<h2 class=\"elementor-heading-title elementor-size-default\"><span style=\"text-transform: uppercase\">RESEARCH PROGRAM<\/span><\/h2>\t\t\t\t<\/div>\n\t\t\t\t<\/div>\n\t\t\t\t<div class=\"elementor-element elementor-element-9936b94 elementor-widget elementor-widget-text-editor\" data-id=\"9936b94\" data-element_type=\"widget\" data-e-type=\"widget\" data-widget_type=\"text-editor.default\">\n\t\t\t\t<div class=\"elementor-widget-container\">\n\t\t\t\t\t\t\t\t\t<p>The research program is linked to the central national strategic document - the Development Strategy of Slovenia 2030 - and, in accordance with it, focuses on research areas that are important for the social, economic, spatial, environmental and regional development of the Republic of Slovenia.\u00a0<\/p>\t\t\t\t\t\t\t\t<\/div>\n\t\t\t\t<\/div>\n\t\t\t\t<div class=\"elementor-element elementor-element-097c510 elementor-widget elementor-widget-text-editor\" data-id=\"097c510\" data-element_type=\"widget\" data-e-type=\"widget\" data-widget_type=\"text-editor.default\">\n\t\t\t\t<div class=\"elementor-widget-container\">\n\t\t\t\t\t\t\t\t\t<h2>Objectives, orientations and implementation of the program<\/h2><p>The main objective of the research program is the development of new models, methods, analyses and further development of relevant theories with the aim of addressing selected economic, social and environmental challenges in accordance with the Slovenian Development Strategy 2030. Within the framework of the research program, the inter-temporal dimension of development and spatially balanced development are included as horizontal priorities, and the further development of modeling tools and methodologies is also considered.<\/p><p>The research program is aligned with the orientation of the Horizon Europe 2021-2027 program, which aims to strengthen the scientific and technological foundations of the Union to better address the major global challenges and contributes to the achievement of the sustainable development goals.<\/p><p>The implementation of the program is based on an interdisciplinary approach with close cooperation with research institutions in Slovenia and abroad, also from other disciplines such as social sciences, natural sciences, technical sciences and humanities.<\/p><p class=\"MsoNormal\" style=\"text-align: justify; mso-hyphenate: none;\">\u00a0<\/p>\t\t\t\t\t\t\t\t<\/div>\n\t\t\t\t<\/div>\n\t\t\t\t\t<\/div>\n\t\t<\/div>\n\t\t\t\t<div class=\"elementor-column elementor-col-33 elementor-top-column elementor-element elementor-element-9136b4e\" data-id=\"9136b4e\" data-element_type=\"column\" data-e-type=\"column\">\n\t\t\t<div class=\"elementor-widget-wrap elementor-element-populated\">\n\t\t\t\t\t\t<section class=\"elementor-section elementor-inner-section elementor-element elementor-element-4a28067 elementor-section-boxed elementor-section-height-default elementor-section-height-default wpr-particle-no wpr-jarallax-no wpr-parallax-no wpr-sticky-section-no\" data-id=\"4a28067\" data-element_type=\"section\" data-e-type=\"section\" data-settings=\"{&quot;_ha_eqh_enable&quot;:false}\">\n\t\t\t\t\t\t<div class=\"elementor-container elementor-column-gap-default\">\n\t\t\t\t\t<div class=\"elementor-column elementor-col-100 elementor-inner-column elementor-element elementor-element-9a3d79b\" data-id=\"9a3d79b\" data-element_type=\"column\" data-e-type=\"column\" data-settings=\"{&quot;background_background&quot;:&quot;classic&quot;}\">\n\t\t\t<div class=\"elementor-widget-wrap elementor-element-populated\">\n\t\t\t\t\t\t<div class=\"elementor-element elementor-element-3e9b21d elementor-widget elementor-widget-image\" data-id=\"3e9b21d\" data-element_type=\"widget\" data-e-type=\"widget\" data-widget_type=\"image.default\">\n\t\t\t\t<div class=\"elementor-widget-container\">\n\t\t\t\t\t\t\t\t\t\t\t\t\t\t\t<img decoding=\"async\" width=\"150\" height=\"150\" src=\"https:\/\/www.ier.si\/wp-content\/uploads\/2022\/12\/dr-Primc_kaja-ier-150x150.png\" class=\"attachment-thumbnail size-thumbnail wp-image-4295\" alt=\"Fotografija Kaje Primc\" \/>\t\t\t\t\t\t\t\t\t\t\t\t\t\t\t<\/div>\n\t\t\t\t<\/div>\n\t\t\t\t<div class=\"elementor-element elementor-element-7f82a7b elementor-widget elementor-widget-text-editor\" data-id=\"7f82a7b\" data-element_type=\"widget\" data-e-type=\"widget\" data-widget_type=\"text-editor.default\">\n\t\t\t\t<div class=\"elementor-widget-container\">\n\t\t\t\t\t\t\t\t\t<p>dr. Kaja PRIMC<br \/>Program coordinator<\/p><p>t. +386 1 5303 810<br \/>e. <a href=\"mailto:kaja.primc@ier.si\">kaja.primc@ier.si<\/a><\/p>\t\t\t\t\t\t\t\t<\/div>\n\t\t\t\t<\/div>\n\t\t\t\t\t<\/div>\n\t\t<\/div>\n\t\t\t\t\t<\/div>\n\t\t<\/section>\n\t\t\t\t\t<\/div>\n\t\t<\/div>\n\t\t\t\t\t<\/div>\n\t\t<\/section>\n\t\t\t\t<\/div>","protected":false},"excerpt":{"rendered":"<p>RAZISKOVALNI PROGRAM Raziskovalni program se ve\u017ee na osrednji dr\u017eavni strate\u0161ki dokument \u2013 Strategijo razvoja Slovenije 2030 \u2013 in se skladno z njim usmerja na raziskovalna podro\u010dja, ki so pomembna za dru\u017ebeni, ekonomski, socialni, prostorski, okoljski in regionalni razvoj Republike Slovenije.\u00a0 Cilji, usmeritve in izvajanje programa Glavni cilj raziskovalnega programa je razvoj novih modelov, metod, analiz ter nadaljnji razvoj relevantnih teorij s ciljem re\u0161evanja izbranih gospodarskih, dru\u017ebenih in okoljskih izzivov v skladu s Strategijo razvoja Slovenije 2030. V okviru raziskovalnega programa sta med\u010dasovna dimenzija razvoja in prostorsko uravnote\u017een razvoj vklju\u010dena kot horizontalni prioriteti, prav tako pa je obravnavan tudi nadaljnji razvoj modelskih orodij in metodologij. Raziskovalni program je usklajen z usmeritvami programa Obzorja Evropa 2021-2027, ki krepi znanstveno-tehnolo\u0161ke temelje Unije, da se la\u017eje spopada z najve\u010djimi svetovnimi izzivi na\u0161ega \u010dasa in prispeva k uresni\u010devanju ciljev trajnostnega razvoja. Izvajanje programa temelji na interdisciplinarnem pristopu s tesnim sodelovanjem z raziskovalnimi institucijami v Sloveniji in tujini, tudi iz drugih ved, kot so dru\u017eboslovne, naravoslovne, tehni\u0161ke in humanisti\u010dne znanosti. \u00a0 dr. Kaja PRIMCVodja programa t. +386 1 5303 810e. kaja.primc@ier.si<\/p>","protected":false},"author":1,"featured_media":0,"parent":0,"menu_order":0,"comment_status":"closed","ping_status":"closed","template":"elementor_header_footer","meta":{"_acf_changed":false,"footnotes":"","_links_to":"","_links_to_target":""},"class_list":["post-5620","page","type-page","status-publish","hentry"],"acf":[],"publishpress_future_action":{"enabled":false,"date":"2026-04-15 08:50:32","action":"change-status","newStatus":"draft","terms":[],"taxonomy":"","extraData":[]},"publishpress_future_workflow_manual_trigger":{"enabledWorkflows":[]},"_links":{"self":[{"href":"https:\/\/www.ier.si\/en\/wp-json\/wp\/v2\/pages\/5620","targetHints":{"allow":["GET"]}}],"collection":[{"href":"https:\/\/www.ier.si\/en\/wp-json\/wp\/v2\/pages"}],"about":[{"href":"https:\/\/www.ier.si\/en\/wp-json\/wp\/v2\/types\/page"}],"author":[{"embeddable":true,"href":"https:\/\/www.ier.si\/en\/wp-json\/wp\/v2\/users\/1"}],"replies":[{"embeddable":true,"href":"https:\/\/www.ier.si\/en\/wp-json\/wp\/v2\/comments?post=5620"}],"version-history":[{"count":66,"href":"https:\/\/www.ier.si\/en\/wp-json\/wp\/v2\/pages\/5620\/revisions"}],"predecessor-version":[{"id":10356,"href":"https:\/\/www.ier.si\/en\/wp-json\/wp\/v2\/pages\/5620\/revisions\/10356"}],"wp:attachment":[{"href":"https:\/\/www.ier.si\/en\/wp-json\/wp\/v2\/media?parent=5620"}],"curies":[{"name":"wp","href":"https:\/\/api.w.org\/{rel}","templated":true}]}}