{"id":5594,"date":"2022-12-27T11:13:23","date_gmt":"2022-12-27T11:13:23","guid":{"rendered":"https:\/\/ier.si\/?page_id=5594"},"modified":"2025-10-27T18:40:49","modified_gmt":"2025-10-27T18:40:49","slug":"infrastrukturni-program","status":"publish","type":"page","link":"https:\/\/www.ier.si\/en\/infrastrukturni-program\/","title":{"rendered":"Infrastructure program"},"content":{"rendered":"<div data-elementor-type=\"wp-page\" data-elementor-id=\"5594\" class=\"elementor elementor-5594\" data-elementor-settings=\"{&quot;ha_cmc_init_switcher&quot;:&quot;no&quot;}\" data-elementor-post-type=\"page\">\n\t\t\t\t\t\t<section class=\"elementor-section elementor-top-section elementor-element elementor-element-14f259f elementor-section-full_width elementor-section-height-default elementor-section-height-default wpr-particle-no wpr-jarallax-no wpr-parallax-no wpr-sticky-section-no wpr-equal-height-no\" data-id=\"14f259f\" data-element_type=\"section\" data-e-type=\"section\" data-settings=\"{&quot;background_background&quot;:&quot;classic&quot;,&quot;_ha_eqh_enable&quot;:false}\">\n\t\t\t\t\t\t\t<div class=\"elementor-background-overlay\"><\/div>\n\t\t\t\t\t\t\t<div class=\"elementor-container elementor-column-gap-default\">\n\t\t\t\t\t<div class=\"elementor-column elementor-col-33 elementor-top-column elementor-element elementor-element-479ccfb\" data-id=\"479ccfb\" data-element_type=\"column\" data-e-type=\"column\">\n\t\t\t<div class=\"elementor-widget-wrap\">\n\t\t\t\t\t\t\t<\/div>\n\t\t<\/div>\n\t\t\t\t<div class=\"elementor-column elementor-col-33 elementor-top-column elementor-element elementor-element-9c24139\" data-id=\"9c24139\" data-element_type=\"column\" data-e-type=\"column\">\n\t\t\t<div class=\"elementor-widget-wrap elementor-element-populated\">\n\t\t\t\t\t\t<div class=\"elementor-element elementor-element-40633f3 elementor-widget-divider--view-line elementor-widget elementor-widget-divider\" data-id=\"40633f3\" data-element_type=\"widget\" data-e-type=\"widget\" data-widget_type=\"divider.default\">\n\t\t\t\t<div class=\"elementor-widget-container\">\n\t\t\t\t\t\t\t<div class=\"elementor-divider\">\n\t\t\t<span class=\"elementor-divider-separator\">\n\t\t\t\t\t\t<\/span>\n\t\t<\/div>\n\t\t\t\t\t\t<\/div>\n\t\t\t\t<\/div>\n\t\t\t\t<div class=\"elementor-element elementor-element-4ad3b8ef elementor-view-default elementor-widget elementor-widget-icon\" data-id=\"4ad3b8ef\" data-element_type=\"widget\" data-e-type=\"widget\" data-widget_type=\"icon.default\">\n\t\t\t\t<div class=\"elementor-widget-container\">\n\t\t\t\t\t\t\t<div class=\"elementor-icon-wrapper\">\n\t\t\t<div class=\"elementor-icon\">\n\t\t\t<i aria-hidden=\"true\" class=\"hm hm-grid-link\"><\/i>\t\t\t<\/div>\n\t\t<\/div>\n\t\t\t\t\t\t<\/div>\n\t\t\t\t<\/div>\n\t\t\t\t<div class=\"elementor-element elementor-element-7df3e14 elementor-widget elementor-widget-heading\" data-id=\"7df3e14\" data-element_type=\"widget\" data-e-type=\"widget\" data-widget_type=\"heading.default\">\n\t\t\t\t<div class=\"elementor-widget-container\">\n\t\t\t\t\t<h2 class=\"elementor-heading-title elementor-size-default\"><span style=\"text-transform: uppercase\">INFRASTRUCTURE PROGRAM<\/span><\/h2>\t\t\t\t<\/div>\n\t\t\t\t<\/div>\n\t\t\t\t<div class=\"elementor-element elementor-element-9936b94 elementor-widget elementor-widget-text-editor\" data-id=\"9936b94\" data-element_type=\"widget\" data-e-type=\"widget\" data-widget_type=\"text-editor.default\">\n\t\t\t\t<div class=\"elementor-widget-container\">\n\t\t\t\t\t\t\t\t\t<p>The infrastructure program is primarily focused on providing IT infrastructure to members of the research program group and other researchers of the institute, as well as to external users. SHARE international infrastructure program, included in the Slovenian Research Infrastructure Development Plan, is also a part of our research infrastructure. The data from SHARE has already been used to prepare the expert basis for structural reforms in the field of pensions, long-term care and healthcare.<\/p>\t\t\t\t\t\t\t\t<\/div>\n\t\t\t\t<\/div>\n\t\t\t\t<div class=\"elementor-element elementor-element-097c510 elementor-widget elementor-widget-text-editor\" data-id=\"097c510\" data-element_type=\"widget\" data-e-type=\"widget\" data-widget_type=\"text-editor.default\">\n\t\t\t\t<div class=\"elementor-widget-container\">\n\t\t\t\t\t\t\t\t\t<h2>SHARE research infrastructure<\/h2><p>SHARE, the Survey of Health, Ageing and Retirement in Europe (<a href=\"https:\/\/share-eric.eu\/\" target=\"_blank\" rel=\"noopener\">SHARE<\/a>),  is an interdisciplinary international panel database of microdata on the health, socio-economic status, social and family networks of approximately 140,000 individuals aged 50 years and over (approximately 380,000 interviews have been conducted). SHARE covers 27 European countries and Israel. The key objective of the survey is to establish an infrastructure, i.e. a database, which allows researchers to investigate the processes of population ageing free of charge and thus enable public policy planners to design appropriate policies and reforms supported by data. Slovenia joined the survey in 2009, when preparations for the implementation of the 4th wave of the survey started. More information on the Slovenian part of the international survey can be found at <a href=\"http:\/\/www.share-slovenija.si\/\" target=\"_blank\" rel=\"noopener\">SHARE Slovenija<\/a> .<\/p><p class=\"MsoNormal\" style=\"text-align: justify; mso-hyphenate: none;\">\u00a0<\/p>\t\t\t\t\t\t\t\t<\/div>\n\t\t\t\t<\/div>\n\t\t\t\t\t<\/div>\n\t\t<\/div>\n\t\t\t\t<div class=\"elementor-column elementor-col-33 elementor-top-column elementor-element elementor-element-9136b4e\" data-id=\"9136b4e\" data-element_type=\"column\" data-e-type=\"column\">\n\t\t\t<div class=\"elementor-widget-wrap elementor-element-populated\">\n\t\t\t\t\t\t<section class=\"elementor-section elementor-inner-section elementor-element elementor-element-d4eeaa0 elementor-section-boxed elementor-section-height-default elementor-section-height-default wpr-particle-no wpr-jarallax-no wpr-parallax-no wpr-sticky-section-no wpr-equal-height-no\" data-id=\"d4eeaa0\" data-element_type=\"section\" data-e-type=\"section\" data-settings=\"{&quot;_ha_eqh_enable&quot;:false}\">\n\t\t\t\t\t\t<div class=\"elementor-container elementor-column-gap-default\">\n\t\t\t\t\t<div class=\"elementor-column elementor-col-100 elementor-inner-column elementor-element elementor-element-e6768a3\" data-id=\"e6768a3\" data-element_type=\"column\" data-e-type=\"column\" data-settings=\"{&quot;background_background&quot;:&quot;classic&quot;}\">\n\t\t\t<div class=\"elementor-widget-wrap elementor-element-populated\">\n\t\t\t\t\t\t<div class=\"elementor-element elementor-element-d3142c8 elementor-widget elementor-widget-image\" data-id=\"d3142c8\" data-element_type=\"widget\" data-e-type=\"widget\" data-widget_type=\"image.default\">\n\t\t\t\t<div class=\"elementor-widget-container\">\n\t\t\t\t\t\t\t\t\t\t\t\t\t\t\t<img decoding=\"async\" src=\"https:\/\/ier.si\/wp-content\/uploads\/2022\/10\/mag-Koman-Klemen-ier.png\" title=\"\" alt=\"\" loading=\"lazy\" \/>\t\t\t\t\t\t\t\t\t\t\t\t\t\t\t<\/div>\n\t\t\t\t<\/div>\n\t\t\t\t<div class=\"elementor-element elementor-element-1b11d6b elementor-widget elementor-widget-text-editor\" data-id=\"1b11d6b\" data-element_type=\"widget\" data-e-type=\"widget\" data-widget_type=\"text-editor.default\">\n\t\t\t\t<div class=\"elementor-widget-container\">\n\t\t\t\t\t\t\t\t\t<p>mag. Klemen KOMAN<br \/>Program coordinator<\/p><p>t. +386 1 5303 870<br \/>e. <a href=\"mailto:klemen.koman@ier.si\">klemen.koman@ier.si<\/a><\/p>\t\t\t\t\t\t\t\t<\/div>\n\t\t\t\t<\/div>\n\t\t\t\t\t<\/div>\n\t\t<\/div>\n\t\t\t\t\t<\/div>\n\t\t<\/section>\n\t\t\t\t\t<\/div>\n\t\t<\/div>\n\t\t\t\t\t<\/div>\n\t\t<\/section>\n\t\t\t\t<\/div>","protected":false},"excerpt":{"rendered":"<p>INFRASTRUKTURNI PROGRAM Infrastrukturni program se usmerja predvsem v zagotavljanje informacijske infrastrukture \u010dlanom programske skupine in drugim raziskovalcem In\u0161tituta ter zunanjim uporabnikom. V sklopu infrastrukturnega programa deluje tudi mednarodni infrastrukturni program SHARE, ki ga je Slovenija uvrstila med na\u010drt razvoja raziskovalne infrastrukture (NRRI). Podatki so \u017ee bili uporabljeni tudi za pripravo strokovnih podlag za strukturne reforme na podro\u010dju pokojnin, dolgotrajne oskrbe in zdravstva. Raziskava SHARE Raziskava o zdravju, procesu staranja in upokojevanju v Evropi (SHARE) je interdisciplinarna mednarodna panelna baza mikropodatkov o zdravju, socialno-ekonomskem polo\u017eaju ter socialnih in dru\u017einskih omre\u017ejih pribli\u017eno 140.000 posameznikov, starih 50 let ali ve\u010d (opravljenih je bilo pribli\u017eno 380.000 intervjujev). SHARE zajema 27 evropskih dr\u017eav in Izrael. Klju\u010dni cilj raziskave je vzpostaviti infrastrukturo, torej bazo podatkov, ki bo raziskovalcem brezpla\u010dno omogo\u010dila raziskovanje procesov staranja prebivalstva in s tem na\u010drtovalcem javnih politik omogo\u010dila s podatki podprto na\u010drtovanje ustreznih politik in reform. Slovenija se je raziskavi priklju\u010dila leta 2009, ko so se pri\u010dele priprave na izvajanje 4. vala raziskave. Ve\u010d o slovenskem delu mednarodne raziskave lahko najdete na SHARE Slovenija strani. \u00a0 mag. Klemen KOMANVodja programa t. +386 1 5303 870e. klemen.koman@ier.si<\/p>","protected":false},"author":1,"featured_media":0,"parent":0,"menu_order":0,"comment_status":"closed","ping_status":"closed","template":"elementor_header_footer","meta":{"_acf_changed":false,"footnotes":"","_links_to":"","_links_to_target":""},"class_list":["post-5594","page","type-page","status-publish","hentry"],"acf":[],"publishpress_future_action":{"enabled":false,"date":"2026-04-30 14:27:01","action":"change-status","newStatus":"draft","terms":[],"taxonomy":"","extraData":[]},"publishpress_future_workflow_manual_trigger":{"enabledWorkflows":[]},"_links":{"self":[{"href":"https:\/\/www.ier.si\/en\/wp-json\/wp\/v2\/pages\/5594","targetHints":{"allow":["GET"]}}],"collection":[{"href":"https:\/\/www.ier.si\/en\/wp-json\/wp\/v2\/pages"}],"about":[{"href":"https:\/\/www.ier.si\/en\/wp-json\/wp\/v2\/types\/page"}],"author":[{"embeddable":true,"href":"https:\/\/www.ier.si\/en\/wp-json\/wp\/v2\/users\/1"}],"replies":[{"embeddable":true,"href":"https:\/\/www.ier.si\/en\/wp-json\/wp\/v2\/comments?post=5594"}],"version-history":[{"count":53,"href":"https:\/\/www.ier.si\/en\/wp-json\/wp\/v2\/pages\/5594\/revisions"}],"predecessor-version":[{"id":7991,"href":"https:\/\/www.ier.si\/en\/wp-json\/wp\/v2\/pages\/5594\/revisions\/7991"}],"wp:attachment":[{"href":"https:\/\/www.ier.si\/en\/wp-json\/wp\/v2\/media?parent=5594"}],"curies":[{"name":"wp","href":"https:\/\/api.w.org\/{rel}","templated":true}]}}