{"id":2557,"date":"2022-05-09T12:30:25","date_gmt":"2022-05-09T12:30:25","guid":{"rendered":"https:\/\/ier.si\/?page_id=2557"},"modified":"2024-08-08T07:33:53","modified_gmt":"2024-08-08T07:33:53","slug":"podjetnisko-svetovanje","status":"publish","type":"page","link":"https:\/\/www.ier.si\/en\/podjetnisko-svetovanje\/","title":{"rendered":"Business consultancy"},"content":{"rendered":"\t\t<div data-elementor-type=\"wp-page\" data-elementor-id=\"2557\" class=\"elementor elementor-2557\" data-elementor-settings=\"{&quot;ha_cmc_init_switcher&quot;:&quot;no&quot;}\" data-elementor-post-type=\"page\">\n\t\t\t\t\t\t<section class=\"elementor-section elementor-top-section elementor-element elementor-element-14f259f elementor-section-full_width elementor-section-height-default elementor-section-height-default wpr-particle-no wpr-jarallax-no wpr-parallax-no wpr-sticky-section-no wpr-equal-height-no\" data-id=\"14f259f\" data-element_type=\"section\" data-e-type=\"section\" data-settings=\"{&quot;background_background&quot;:&quot;classic&quot;,&quot;_ha_eqh_enable&quot;:false}\">\n\t\t\t\t\t\t\t<div class=\"elementor-background-overlay\"><\/div>\n\t\t\t\t\t\t\t<div class=\"elementor-container elementor-column-gap-default\">\n\t\t\t\t\t<div class=\"elementor-column elementor-col-33 elementor-top-column elementor-element elementor-element-479ccfb\" data-id=\"479ccfb\" data-element_type=\"column\" data-e-type=\"column\">\n\t\t\t<div class=\"elementor-widget-wrap\">\n\t\t\t\t\t\t\t<\/div>\n\t\t<\/div>\n\t\t\t\t<div class=\"elementor-column elementor-col-33 elementor-top-column elementor-element elementor-element-9c24139\" data-id=\"9c24139\" data-element_type=\"column\" data-e-type=\"column\">\n\t\t\t<div class=\"elementor-widget-wrap elementor-element-populated\">\n\t\t\t\t\t\t<div class=\"elementor-element elementor-element-40633f3 elementor-widget-divider--view-line elementor-widget elementor-widget-divider\" data-id=\"40633f3\" data-element_type=\"widget\" data-e-type=\"widget\" data-widget_type=\"divider.default\">\n\t\t\t\t<div class=\"elementor-widget-container\">\n\t\t\t\t\t\t\t<div class=\"elementor-divider\">\n\t\t\t<span class=\"elementor-divider-separator\">\n\t\t\t\t\t\t<\/span>\n\t\t<\/div>\n\t\t\t\t\t\t<\/div>\n\t\t\t\t<\/div>\n\t\t\t\t<div class=\"elementor-element elementor-element-4ad3b8ef elementor-view-default elementor-widget elementor-widget-icon\" data-id=\"4ad3b8ef\" data-element_type=\"widget\" data-e-type=\"widget\" data-widget_type=\"icon.default\">\n\t\t\t\t<div class=\"elementor-widget-container\">\n\t\t\t\t\t\t\t<div class=\"elementor-icon-wrapper\">\n\t\t\t<div class=\"elementor-icon\">\n\t\t\t<i aria-hidden=\"true\" class=\"hm hm-bulb\"><\/i>\t\t\t<\/div>\n\t\t<\/div>\n\t\t\t\t\t\t<\/div>\n\t\t\t\t<\/div>\n\t\t\t\t<div class=\"elementor-element elementor-element-7df3e14 elementor-widget elementor-widget-heading\" data-id=\"7df3e14\" data-element_type=\"widget\" data-e-type=\"widget\" data-widget_type=\"heading.default\">\n\t\t\t\t<div class=\"elementor-widget-container\">\n\t\t\t\t\t<h2 class=\"elementor-heading-title elementor-size-default\"><span style=\"text-transform: uppercase\">PODJETNI\u0160KO SVETOVANJE<\/span><\/h2>\t\t\t\t<\/div>\n\t\t\t\t<\/div>\n\t\t\t\t<div class=\"elementor-element elementor-element-9936b94 elementor-widget elementor-widget-text-editor\" data-id=\"9936b94\" data-element_type=\"widget\" data-e-type=\"widget\" data-widget_type=\"text-editor.default\">\n\t\t\t\t<div class=\"elementor-widget-container\">\n\t\t\t\t\t\t\t\t\t<p>Podro\u010dje podjetni\u0161kega svetovanja vklju\u010duje tako znanstvenoraziskovalno kot poslovno svetovalno delo. Na eni strani prou\u010dujemo zakonitosti in trende, ki definirajo dogajanje na podjetni\u0161ki ravni, odzivanje podjetij na aktualne izzive (npr. gospodarska kriza 2008 in pandemija covid-19), primerjamo uspe\u0161nost slovenskih s podjetji iz drugih dr\u017eav ter nosilcem ekonomskih politik zagotavljamo ustrezno znanstveno in strokovno podporo pri definiranju u\u010dinkovitih strategij, politik in ukrepov. Na drugi strani lastna in druga aktualna znanstvenoraziskovalna spoznanja s poslovnim svetovanjem hitro in u\u010dinkovito prena\u0161amo v podjetja, ki jim tako pomagamo slediti najnovej\u0161im poslovnim trendom, izbolj\u0161evati njihovo konkuren\u010dnost in poslovne rezultate.<\/p><p>Klju\u010dna znanstvenoraziskovalna podro\u010dja dela v zadnjih letih:<\/p><ul><li>tehnolo\u0161ki razvoj in inovativnost,<\/li><li>evalvacije podjetni\u0161kih projektov,<\/li><li>vklju\u010devanje slovenskih podjetij v globalne verige vrednosti,<\/li><li>socialno podjetni\u0161tvo,<\/li><li>u\u010dinki gospodarske krize 2008,<\/li><li>soo\u010danje slovenskih podjetij z izzivi pandemije covid-19 ter spremljajo\u010dih ukrepov.<\/li><\/ul><p>\u00a0<\/p><p>Klju\u010dna podro\u010dja poslovnega svetovanja:<\/p><ul><li>optimizacija procesov in obvladovanje stro\u0161kov,<\/li><li>razvoj inovativnih poslovnih modelov,<\/li><li>strategije, poslovni in investicijski na\u010drti,<\/li><li>prestrukturiranje podjetij,<\/li><li>poprevzemna integracija,<\/li><li>tr\u017ene raziskave,<\/li><li>benchmarking,<\/li><li>finan\u010dna analiza,<\/li><li>projektno vodenje,<\/li><li>izdelava strokovnih mnenj v sodnih in drugih postopkih \u2026<\/li><\/ul>\t\t\t\t\t\t\t\t<\/div>\n\t\t\t\t<\/div>\n\t\t\t\t\t<\/div>\n\t\t<\/div>\n\t\t\t\t<div class=\"elementor-column elementor-col-33 elementor-top-column elementor-element elementor-element-9136b4e\" data-id=\"9136b4e\" data-element_type=\"column\" data-e-type=\"column\">\n\t\t\t<div class=\"elementor-widget-wrap elementor-element-populated\">\n\t\t\t\t\t\t<section class=\"elementor-section elementor-inner-section elementor-element elementor-element-24025a2 elementor-section-boxed elementor-section-height-default elementor-section-height-default wpr-particle-no wpr-jarallax-no wpr-parallax-no wpr-sticky-section-no wpr-equal-height-no\" data-id=\"24025a2\" data-element_type=\"section\" data-e-type=\"section\" data-settings=\"{&quot;_ha_eqh_enable&quot;:false}\">\n\t\t\t\t\t\t<div class=\"elementor-container elementor-column-gap-default\">\n\t\t\t\t\t<div class=\"elementor-column elementor-col-100 elementor-inner-column elementor-element elementor-element-b0b6523\" data-id=\"b0b6523\" data-element_type=\"column\" data-e-type=\"column\" data-settings=\"{&quot;background_background&quot;:&quot;classic&quot;}\">\n\t\t\t<div class=\"elementor-widget-wrap elementor-element-populated\">\n\t\t\t\t\t\t<div class=\"elementor-element elementor-element-d859989 elementor-widget elementor-widget-image\" data-id=\"d859989\" data-element_type=\"widget\" data-e-type=\"widget\" data-widget_type=\"image.default\">\n\t\t\t\t<div class=\"elementor-widget-container\">\n\t\t\t\t\t\t\t\t\t\t\t\t\t\t\t<img decoding=\"async\" src=\"https:\/\/ier.si\/wp-content\/uploads\/2022\/10\/dr-Bester-Janez-ier.png\" title=\"\" alt=\"\" loading=\"lazy\" \/>\t\t\t\t\t\t\t\t\t\t\t\t\t\t\t<\/div>\n\t\t\t\t<\/div>\n\t\t\t\t<div class=\"elementor-element elementor-element-8759a9d elementor-widget elementor-widget-text-editor\" data-id=\"8759a9d\" data-element_type=\"widget\" data-e-type=\"widget\" data-widget_type=\"text-editor.default\">\n\t\t\t\t<div class=\"elementor-widget-container\">\n\t\t\t\t\t\t\t\t\t<p>dr. Janez BE\u0160TER<br \/>Kontaktna oseba<\/p><p>t. +386 1 5303 810<br \/>e. <a href=\"mailto:janez.bester@ier.si\">janez.bester@ier.si<\/a><\/p>\t\t\t\t\t\t\t\t<\/div>\n\t\t\t\t<\/div>\n\t\t\t\t\t<\/div>\n\t\t<\/div>\n\t\t\t\t\t<\/div>\n\t\t<\/section>\n\t\t\t\t\t<\/div>\n\t\t<\/div>\n\t\t\t\t\t<\/div>\n\t\t<\/section>\n\t\t\t\t<section class=\"elementor-section elementor-top-section elementor-element elementor-element-26c1310 elementor-section-full_width elementor-section-height-default elementor-section-height-default wpr-particle-no wpr-jarallax-no wpr-parallax-no wpr-sticky-section-no wpr-equal-height-no\" data-id=\"26c1310\" data-element_type=\"section\" data-e-type=\"section\" data-settings=\"{&quot;background_background&quot;:&quot;classic&quot;,&quot;_ha_eqh_enable&quot;:false}\">\n\t\t\t\t\t\t\t<div class=\"elementor-background-overlay\"><\/div>\n\t\t\t\t\t\t\t<div class=\"elementor-container elementor-column-gap-default\">\n\t\t\t\t\t<div class=\"elementor-column elementor-col-50 elementor-top-column elementor-element elementor-element-19b8100e\" data-id=\"19b8100e\" data-element_type=\"column\" data-e-type=\"column\">\n\t\t\t<div class=\"elementor-widget-wrap\">\n\t\t\t\t\t\t\t<\/div>\n\t\t<\/div>\n\t\t\t\t<div class=\"elementor-column elementor-col-50 elementor-top-column elementor-element elementor-element-5556d747\" data-id=\"5556d747\" data-element_type=\"column\" data-e-type=\"column\">\n\t\t\t<div class=\"elementor-widget-wrap elementor-element-populated\">\n\t\t\t\t\t\t<div class=\"elementor-element elementor-element-16766d5f elementor-widget-divider--view-line elementor-widget elementor-widget-divider\" data-id=\"16766d5f\" data-element_type=\"widget\" data-e-type=\"widget\" data-widget_type=\"divider.default\">\n\t\t\t\t<div class=\"elementor-widget-container\">\n\t\t\t\t\t\t\t<div class=\"elementor-divider\">\n\t\t\t<span class=\"elementor-divider-separator\">\n\t\t\t\t\t\t<\/span>\n\t\t<\/div>\n\t\t\t\t\t\t<\/div>\n\t\t\t\t<\/div>\n\t\t\t\t<div class=\"elementor-element elementor-element-2d953bc elementor-widget elementor-widget-heading\" data-id=\"2d953bc\" data-element_type=\"widget\" data-e-type=\"widget\" data-widget_type=\"heading.default\">\n\t\t\t\t<div class=\"elementor-widget-container\">\n\t\t\t\t\t<h3 class=\"elementor-heading-title elementor-size-default\">PROJEKTI NA PODRO\u010cJU PODJETNI\u0160KEGA SVETOVANJA<\/h3>\t\t\t\t<\/div>\n\t\t\t\t<\/div>\n\t\t\t\t<div class=\"elementor-element elementor-element-0413b03 wpr-grid-columns-5 wpr-grid-columns--mobile2 wpr-grid-columns--tablet2 wpr-grid-pagination-center wpr-item-styles-inner elementor-widget elementor-widget-wpr-grid\" data-id=\"0413b03\" data-element_type=\"widget\" data-e-type=\"widget\" data-widget_type=\"wpr-grid.default\">\n\t\t\t\t<div class=\"elementor-widget-container\">\n\t\t\t\t\t<ul class=\"wpr-grid-filters elementor-clearfix wpr-grid-filters-sep-right\"><li class=\" wpr-pointer-none wpr-pointer-line-fx wpr-pointer-fx-fade\"><span  data-filter=\"*\" class=\"wpr-grid-filters-item wpr-active-filter \"><i class=\" wpr-grid-filters-icon-left\"><\/i>Vsi projekti<\/span><em class=\"wpr-grid-filters-sep\"><\/em><\/li><li class=\" wpr-pointer-none wpr-pointer-line-fx wpr-pointer-fx-fade\"><span   data-ajax-filter=[\"tip_projekta\",\"domaci-javni\"]  data-filter=\".tip_projekta-domaci-javni\"><i class=\" wpr-grid-filters-icon-left\"><\/i>Doma\u010di javni<\/span><em class=\"wpr-grid-filters-sep\"><\/em><\/li><li class=\" wpr-pointer-none wpr-pointer-line-fx wpr-pointer-fx-fade\"><span   data-ajax-filter=[\"tip_projekta\",\"domaci-trzni\"]  data-filter=\".tip_projekta-domaci-trzni\"><i class=\" wpr-grid-filters-icon-left\"><\/i>Doma\u010di tr\u017eni<\/span><em class=\"wpr-grid-filters-sep\"><\/em><\/li><li class=\" wpr-pointer-none wpr-pointer-line-fx wpr-pointer-fx-fade\"><span   data-ajax-filter=[\"tip_projekta\",\"tuji-javni\"]  data-filter=\".tip_projekta-tuji-javni\"><i class=\" wpr-grid-filters-icon-left\"><\/i>Tuji javni<\/span><em class=\"wpr-grid-filters-sep\"><\/em><\/li><li class=\" wpr-pointer-none wpr-pointer-line-fx wpr-pointer-fx-fade\"><span   data-ajax-filter=[\"tip_projekta\",\"tuji-trzni\"]  data-filter=\".tip_projekta-tuji-trzni\"><i class=\" wpr-grid-filters-icon-left\"><\/i>Tuji tr\u017eni<\/span><em class=\"wpr-grid-filters-sep\"><\/em><\/li><\/ul><section class=\"wpr-grid elementor-clearfix\" data-settings=\"{&quot;layout&quot;:&quot;fitRows&quot;,&quot;stick_last_element_to_bottom&quot;:&quot;&quot;,&quot;columns_desktop&quot;:&quot;5&quot;,&quot;gutter_hr&quot;:30,&quot;gutter_hr_mobile&quot;:30,&quot;gutter_hr_mobile_extra&quot;:30,&quot;gutter_hr_tablet&quot;:30,&quot;gutter_hr_tablet_extra&quot;:30,&quot;gutter_hr_laptop&quot;:30,&quot;gutter_hr_widescreen&quot;:30,&quot;gutter_vr&quot;:30,&quot;gutter_vr_mobile&quot;:30,&quot;gutter_vr_mobile_extra&quot;:30,&quot;gutter_vr_tablet&quot;:30,&quot;gutter_vr_tablet_extra&quot;:30,&quot;gutter_vr_laptop&quot;:30,&quot;gutter_vr_widescreen&quot;:30,&quot;animation&quot;:&quot;default&quot;,&quot;animation_duration&quot;:0.299999999999999988897769753748434595763683319091796875,&quot;animation_delay&quot;:0.1000000000000000055511151231257827021181583404541015625,&quot;deeplinking&quot;:&quot;&quot;,&quot;filters_linkable&quot;:&quot;no&quot;,&quot;filters_default_filter&quot;:&quot;&quot;,&quot;filters_count&quot;:&quot;&quot;,&quot;filters_hide_empty&quot;:&quot;no&quot;,&quot;filters_animation&quot;:&quot;default&quot;,&quot;filters_animation_duration&quot;:0.299999999999999988897769753748434595763683319091796875,&quot;filters_animation_delay&quot;:0.1000000000000000055511151231257827021181583404541015625,&quot;pagination_type&quot;:&quot;load-more&quot;,&quot;pagination_max_pages&quot;:1,&quot;lightbox&quot;:{&quot;selector&quot;:&quot;.wpr-grid-image-wrap&quot;,&quot;iframeMaxWidth&quot;:&quot;60%&quot;,&quot;hash&quot;:false,&quot;autoplay&quot;:&quot;true&quot;,&quot;pause&quot;:5000,&quot;progressBar&quot;:&quot;true&quot;,&quot;counter&quot;:&quot;true&quot;,&quot;controls&quot;:&quot;true&quot;,&quot;getCaptionFromTitleOrAlt&quot;:&quot;&quot;,&quot;thumbnail&quot;:&quot;&quot;,&quot;showThumbByDefault&quot;:&quot;true&quot;,&quot;share&quot;:&quot;&quot;,&quot;zoom&quot;:&quot;&quot;,&quot;fullScreen&quot;:&quot;&quot;,&quot;download&quot;:&quot;&quot;}}\" data-advanced-filters=\"no\"><article class=\"wpr-grid-item elementor-clearfix post-6086 projekti type-projekti status-publish format-standard hentry tip_projekta-domaci-trzni stanje_projekta-zakljucen-projekt podrocje-podjetnisko-svetovanje\"><div class=\"wpr-grid-item-inner\"><div class=\"wpr-grid-item-below-content elementor-clearfix\"><h2 class=\"wpr-grid-item-title elementor-repeater-item-a12e5db wpr-grid-item-display-block wpr-grid-item-align-left wpr-pointer-none wpr-pointer-line-fx wpr-pointer-fx-slide\"><div class=\"inner-block\"><a target=\"_self\"  href=\"https:\/\/www.ier.si\/en\/projekti\/izdelava-analize-uvedbe-davcne-olajsave-za-prostovoljno-zdravstveno-zavarovanje\/\">Izdelava analize uvedbe dav\u010dne olaj\u0161ave za prostovoljno zdravstveno zavarovanje<\/a><\/div><\/h2><div class=\"wpr-grid-item-custom-field elementor-repeater-item-ecb6631 wpr-grid-item-display-block wpr-grid-item-align-left wpr-grid-cf-style-1\"><div class=\"inner-block\"><span><span class=\"wpr-grid-extra-text-left\">Naro\u010dnik:<\/span><span>SZZ<\/span><\/span><\/div><\/div><div class=\"wpr-grid-item-custom-field elementor-repeater-item-0f5557c wpr-grid-item-display-block wpr-grid-item-align-left wpr-grid-cf-style-1\"><div class=\"inner-block\"><span><span class=\"wpr-grid-extra-text-left\">Trajanje:<\/span><span>20. 6. 2017 do 20. 8. 2017<\/span><\/span><\/div><\/div><div class=\"wpr-grid-item-custom-field elementor-repeater-item-dfa2e64 wpr-grid-item-display-inline wpr-grid-item-align-left wpr-grid-cf-style-1\"><div class=\"inner-block\"><span><span class=\"wpr-grid-extra-text-left\">Vodja projekta:<\/span><span>Boris Majcen<\/span><\/span><\/div><\/div><div class=\"wpr-grid-item-read-more elementor-repeater-item-779385e wpr-grid-item-display-block wpr-grid-item-align-left\"><div class=\"inner-block\"><a target=\"_self\" href=\"https:\/\/www.ier.si\/en\/projekti\/izdelava-analize-uvedbe-davcne-olajsave-za-prostovoljno-zdravstveno-zavarovanje\/\" class=\"wpr-button-effect wpr-button-none\"><span class=\"wpr-grid-extra-icon-left\"><i aria-hidden=\"true\" class=\"fas fa-search\"><\/i><\/span><span>Preberi ve\u010d \u00bb<\/span><\/a><\/div><\/div><\/div><\/div><\/article><\/section>\t\t\t\t<\/div>\n\t\t\t\t<\/div>\n\t\t\t\t\t<\/div>\n\t\t<\/div>\n\t\t\t\t\t<\/div>\n\t\t<\/section>\n\t\t\t\t<section class=\"elementor-section elementor-top-section elementor-element elementor-element-5eab954a elementor-section-full_width elementor-section-height-default elementor-section-height-default wpr-particle-no wpr-jarallax-no wpr-parallax-no wpr-sticky-section-no wpr-equal-height-no\" data-id=\"5eab954a\" data-element_type=\"section\" data-e-type=\"section\" data-settings=\"{&quot;background_background&quot;:&quot;classic&quot;,&quot;_ha_eqh_enable&quot;:false}\">\n\t\t\t\t\t\t\t<div class=\"elementor-background-overlay\"><\/div>\n\t\t\t\t\t\t\t<div class=\"elementor-container elementor-column-gap-default\">\n\t\t\t\t\t<div class=\"elementor-column elementor-col-50 elementor-top-column elementor-element elementor-element-7a66c2d0\" data-id=\"7a66c2d0\" data-element_type=\"column\" data-e-type=\"column\">\n\t\t\t<div class=\"elementor-widget-wrap\">\n\t\t\t\t\t\t\t<\/div>\n\t\t<\/div>\n\t\t\t\t<div class=\"elementor-column elementor-col-50 elementor-top-column elementor-element elementor-element-6a8ebd3f\" data-id=\"6a8ebd3f\" data-element_type=\"column\" data-e-type=\"column\">\n\t\t\t<div class=\"elementor-widget-wrap elementor-element-populated\">\n\t\t\t\t\t\t<div class=\"elementor-element elementor-element-5d91539f elementor-widget-divider--view-line elementor-widget elementor-widget-divider\" data-id=\"5d91539f\" data-element_type=\"widget\" data-e-type=\"widget\" data-widget_type=\"divider.default\">\n\t\t\t\t<div class=\"elementor-widget-container\">\n\t\t\t\t\t\t\t<div class=\"elementor-divider\">\n\t\t\t<span class=\"elementor-divider-separator\">\n\t\t\t\t\t\t<\/span>\n\t\t<\/div>\n\t\t\t\t\t\t<\/div>\n\t\t\t\t<\/div>\n\t\t\t\t<div class=\"elementor-element elementor-element-19e0198e elementor-widget elementor-widget-heading\" data-id=\"19e0198e\" data-element_type=\"widget\" data-e-type=\"widget\" data-widget_type=\"heading.default\">\n\t\t\t\t<div class=\"elementor-widget-container\">\n\t\t\t\t\t<h3 class=\"elementor-heading-title elementor-size-default\">PUBLIKACIJE NA PODRO\u010cJU PODJETNI\u0160KEGA SVETOVANJA<\/h3>\t\t\t\t<\/div>\n\t\t\t\t<\/div>\n\t\t\t\t\t<\/div>\n\t\t<\/div>\n\t\t\t\t\t<\/div>\n\t\t<\/section>\n\t\t\t\t<\/div>\n\t\t","protected":false},"excerpt":{"rendered":"<p>PODJETNI\u0160KO SVETOVANJE Podro\u010dje podjetni\u0161kega svetovanja vklju\u010duje tako znanstvenoraziskovalno kot poslovno svetovalno delo. Na eni strani prou\u010dujemo zakonitosti in trende, ki definirajo dogajanje na podjetni\u0161ki ravni, odzivanje podjetij na aktualne izzive (npr. gospodarska kriza 2008 in pandemija covid-19), primerjamo uspe\u0161nost slovenskih s podjetji iz drugih dr\u017eav ter nosilcem ekonomskih politik zagotavljamo ustrezno znanstveno in strokovno podporo pri definiranju u\u010dinkovitih strategij, politik in ukrepov. Na drugi strani lastna in druga aktualna znanstvenoraziskovalna spoznanja s poslovnim svetovanjem hitro in u\u010dinkovito prena\u0161amo v podjetja, ki jim tako pomagamo slediti najnovej\u0161im poslovnim trendom, izbolj\u0161evati njihovo konkuren\u010dnost in poslovne rezultate. Klju\u010dna znanstvenoraziskovalna podro\u010dja dela v zadnjih letih: tehnolo\u0161ki razvoj in inovativnost, evalvacije podjetni\u0161kih projektov, vklju\u010devanje slovenskih podjetij v globalne verige vrednosti, socialno podjetni\u0161tvo, u\u010dinki gospodarske krize 2008, soo\u010danje slovenskih podjetij z izzivi pandemije covid-19 ter spremljajo\u010dih ukrepov. \u00a0 Klju\u010dna podro\u010dja poslovnega svetovanja: optimizacija procesov in obvladovanje stro\u0161kov, razvoj inovativnih poslovnih modelov, strategije, poslovni in investicijski na\u010drti, prestrukturiranje podjetij, poprevzemna integracija, tr\u017ene raziskave, benchmarking, finan\u010dna analiza, projektno vodenje, izdelava strokovnih mnenj v sodnih in drugih postopkih \u2026 dr. Janez BE\u0160TERKontaktna oseba t. +386 1 5303 810e. janez.bester@ier.si PROJEKTI NA PODRO\u010cJU PODJETNI\u0160KEGA SVETOVANJA Vsi projekti Doma\u010di javni Doma\u010di tr\u017eni Tuji javni Tuji tr\u017eni Izdelava analize uvedbe dav\u010dne olaj\u0161ave za prostovoljno zdravstveno zavarovanje Naro\u010dnik:SZZTrajanje:20. 6. 2017 do 20. 8. 2017Vodja projekta:Boris MajcenPreberi ve\u010d \u00bb PUBLIKACIJE NA PODRO\u010cJU PODJETNI\u0160KEGA SVETOVANJA<\/p>","protected":false},"author":1,"featured_media":0,"parent":0,"menu_order":0,"comment_status":"closed","ping_status":"closed","template":"elementor_header_footer","meta":{"_acf_changed":false,"footnotes":"","_links_to":"","_links_to_target":""},"class_list":["post-2557","page","type-page","status-publish","hentry"],"acf":[],"publishpress_future_action":{"enabled":false,"date":"2026-04-30 10:38:43","action":"change-status","newStatus":"draft","terms":[],"taxonomy":"","extraData":[]},"publishpress_future_workflow_manual_trigger":{"enabledWorkflows":[]},"_links":{"self":[{"href":"https:\/\/www.ier.si\/en\/wp-json\/wp\/v2\/pages\/2557","targetHints":{"allow":["GET"]}}],"collection":[{"href":"https:\/\/www.ier.si\/en\/wp-json\/wp\/v2\/pages"}],"about":[{"href":"https:\/\/www.ier.si\/en\/wp-json\/wp\/v2\/types\/page"}],"author":[{"embeddable":true,"href":"https:\/\/www.ier.si\/en\/wp-json\/wp\/v2\/users\/1"}],"replies":[{"embeddable":true,"href":"https:\/\/www.ier.si\/en\/wp-json\/wp\/v2\/comments?post=2557"}],"version-history":[{"count":93,"href":"https:\/\/www.ier.si\/en\/wp-json\/wp\/v2\/pages\/2557\/revisions"}],"predecessor-version":[{"id":9702,"href":"https:\/\/www.ier.si\/en\/wp-json\/wp\/v2\/pages\/2557\/revisions\/9702"}],"wp:attachment":[{"href":"https:\/\/www.ier.si\/en\/wp-json\/wp\/v2\/media?parent=2557"}],"curies":[{"name":"wp","href":"https:\/\/api.w.org\/{rel}","templated":true}]}}