{"id":1996,"date":"2022-03-04T15:24:43","date_gmt":"2022-03-04T15:24:43","guid":{"rendered":"https:\/\/ier.si\/?page_id=1996"},"modified":"2024-12-20T12:13:40","modified_gmt":"2024-12-20T12:13:40","slug":"o-institutu","status":"publish","type":"page","link":"https:\/\/www.ier.si\/en\/o-institutu\/","title":{"rendered":"About us"},"content":{"rendered":"<div data-elementor-type=\"wp-page\" data-elementor-id=\"1996\" class=\"elementor elementor-1996\" data-elementor-settings=\"{&quot;ha_cmc_init_switcher&quot;:&quot;no&quot;}\" data-elementor-post-type=\"page\">\n\t\t\t\t\t\t<section class=\"elementor-section elementor-top-section elementor-element elementor-element-d74d5fb elementor-section-height-min-height elementor-section-boxed elementor-section-height-default elementor-section-items-middle wpr-particle-no wpr-jarallax-no wpr-parallax-no wpr-sticky-section-no\" data-id=\"d74d5fb\" data-element_type=\"section\" data-e-type=\"section\" data-settings=\"{&quot;background_background&quot;:&quot;classic&quot;,&quot;_ha_eqh_enable&quot;:false}\">\n\t\t\t\t\t\t\t<div class=\"elementor-background-overlay\"><\/div>\n\t\t\t\t\t\t\t<div class=\"elementor-container elementor-column-gap-default\">\n\t\t\t\t\t<div class=\"elementor-column elementor-col-100 elementor-top-column elementor-element elementor-element-f350a94\" data-id=\"f350a94\" data-element_type=\"column\" data-e-type=\"column\">\n\t\t\t<div class=\"elementor-widget-wrap\">\n\t\t\t\t\t\t\t<\/div>\n\t\t<\/div>\n\t\t\t\t\t<\/div>\n\t\t<\/section>\n\t\t\t\t<section class=\"elementor-section elementor-top-section elementor-element elementor-element-14f259f elementor-section-full_width elementor-section-height-default elementor-section-height-default wpr-particle-no wpr-jarallax-no wpr-parallax-no wpr-sticky-section-no\" data-id=\"14f259f\" data-element_type=\"section\" data-e-type=\"section\" data-settings=\"{&quot;background_background&quot;:&quot;classic&quot;,&quot;_ha_eqh_enable&quot;:false}\">\n\t\t\t\t\t\t\t<div class=\"elementor-background-overlay\"><\/div>\n\t\t\t\t\t\t\t<div class=\"elementor-container elementor-column-gap-default\">\n\t\t\t\t\t<div class=\"elementor-column elementor-col-33 elementor-top-column elementor-element elementor-element-479ccfb\" data-id=\"479ccfb\" data-element_type=\"column\" data-e-type=\"column\">\n\t\t\t<div class=\"elementor-widget-wrap\">\n\t\t\t\t\t\t\t<\/div>\n\t\t<\/div>\n\t\t\t\t<div class=\"elementor-column elementor-col-33 elementor-top-column elementor-element elementor-element-9c24139\" data-id=\"9c24139\" data-element_type=\"column\" data-e-type=\"column\" data-settings=\"{&quot;background_background&quot;:&quot;classic&quot;}\">\n\t\t\t<div class=\"elementor-widget-wrap elementor-element-populated\">\n\t\t\t\t\t\t<div class=\"elementor-element elementor-element-40633f3 elementor-widget-divider--view-line elementor-widget elementor-widget-divider\" data-id=\"40633f3\" data-element_type=\"widget\" data-e-type=\"widget\" data-widget_type=\"divider.default\">\n\t\t\t\t<div class=\"elementor-widget-container\">\n\t\t\t\t\t\t\t<div class=\"elementor-divider\">\n\t\t\t<span class=\"elementor-divider-separator\">\n\t\t\t\t\t\t<\/span>\n\t\t<\/div>\n\t\t\t\t\t\t<\/div>\n\t\t\t\t<\/div>\n\t\t\t\t<div class=\"elementor-element elementor-element-7df3e14 elementor-widget elementor-widget-heading\" data-id=\"7df3e14\" data-element_type=\"widget\" data-e-type=\"widget\" data-widget_type=\"heading.default\">\n\t\t\t\t<div class=\"elementor-widget-container\">\n\t\t\t\t\t<h2 class=\"elementor-heading-title elementor-size-default\"><span style=\"text-transform: uppercase\">INSTITUTE FOR ECONOMIC RESEARCH<\/span><\/h2>\t\t\t\t<\/div>\n\t\t\t\t<\/div>\n\t\t\t\t<div class=\"elementor-element elementor-element-9936b94 elementor-widget elementor-widget-text-editor\" data-id=\"9936b94\" data-element_type=\"widget\" data-e-type=\"widget\" data-widget_type=\"text-editor.default\">\n\t\t\t\t<div class=\"elementor-widget-container\">\n\t\t\t\t\t\t\t\t\t<h2>VISION AND MISSION<\/h2><h3><strong>Vision:<\/strong> Increase the visibility of the Institute in the international research community by 2030.<\/h3><p><strong>Mission:<\/strong> Our mission and the driving force behind our activities is to create fundamental knowledge and conduct cutting-edge research in economics that is relevant for the sustainable development of the Republic of Slovenia. Our research focus is based on the research programme \"Slovenia's New Development Strategy in the EU\", which is complemented by the implementation of a number of projects in the domestic and international environment.<\/p>\t\t\t\t\t\t\t\t<\/div>\n\t\t\t\t<\/div>\n\t\t\t\t<div class=\"elementor-element elementor-element-980637a elementor-widget elementor-widget-text-editor\" data-id=\"980637a\" data-element_type=\"widget\" data-e-type=\"widget\" data-widget_type=\"text-editor.default\">\n\t\t\t\t<div class=\"elementor-widget-container\">\n\t\t\t\t\t\t\t\t\t<h2>OUR CLIENTS<\/h2><p>IER has a long tradition of successful cooperation with knowledge users. In our work, we follow Slovenia's objectives in the framework of the 2030 Development Strategy, which focuses on the research of economic, social and environmental development factors, as well as intergenerational and spatial dimensions of sustainable development, and on the study, development and application of methodological tools that enable the production of expert bases in the implementation of the strategy for the development of Slovenia, thus contributing to a rapid and effective response to the strategic and current needs of economic policy makers. Our clients include, in particular, various ministries, government offices, institutions at regional and local level and other public institutions.<br \/><br \/>The quality of our work and our ability to transfer the knowledge, methodologies and tools we have acquired into practice is also reflected in our successful cooperation with companies. Decades of consulting experience and successful projects are proof of the trust of the business community.<\/p><p>For many years, the Institute has been involved in various consortia and teams that provide independent information, analysis and expertise in the field of public policy for the European Commission and other clients.<\/p>\t\t\t\t\t\t\t\t<\/div>\n\t\t\t\t<\/div>\n\t\t\t\t<div class=\"elementor-element elementor-element-874fe2e elementor-widget elementor-widget-text-editor\" data-id=\"874fe2e\" data-element_type=\"widget\" data-e-type=\"widget\" data-widget_type=\"text-editor.default\">\n\t\t\t\t<div class=\"elementor-widget-container\">\n\t\t\t\t\t\t\t\t\t<h2>INVOLVEMENT IN THE EDUCATIONAL PROCESS<\/h2><p>Our researchers participate as lecturers at various national and international universities and mentor young researchers.<\/p><p>The impact of the Institute's activities is also reflected in the training of top-quality personnel for the needs of universities, colleges of higher education, state administration, Slovenian diplomacy and international organisations.<\/p>\t\t\t\t\t\t\t\t<\/div>\n\t\t\t\t<\/div>\n\t\t\t\t<div class=\"elementor-element elementor-element-4cfc179 elementor-widget elementor-widget-text-editor\" data-id=\"4cfc179\" data-element_type=\"widget\" data-e-type=\"widget\" data-widget_type=\"text-editor.default\">\n\t\t\t\t<div class=\"elementor-widget-container\">\n\t\t\t\t\t\t\t\t\t<h2>NUMBER OF RESEARCH PROJECTS IN THE PREVIOUS YEAR<\/h2>\n<p>IER researchers were involved in 45 projects in 2023, including:<\/p>\n<ul>\n<li>14 domestic projects acquired in the market,<\/li>\n<li>10 international research projects,<\/li>\n<li>5 basic research projects supported by the Slovenian Research and Innovation Agency,<\/li>\n<li>11 projects under the Slovenian Research and Innovation Agency's targeted research programme.<br><br><\/li>\n<\/ul>\n<p>In the projects tendered by the Slovenian Research and Innovation Agency, IER was the lead of six targeted research programme projects and one basic project.<\/p>\t\t\t\t\t\t\t\t<\/div>\n\t\t\t\t<\/div>\n\t\t\t\t\t<\/div>\n\t\t<\/div>\n\t\t\t\t<div class=\"elementor-column elementor-col-33 elementor-top-column elementor-element elementor-element-9136b4e\" data-id=\"9136b4e\" data-element_type=\"column\" data-e-type=\"column\">\n\t\t\t<div class=\"elementor-widget-wrap\">\n\t\t\t\t\t\t\t<\/div>\n\t\t<\/div>\n\t\t\t\t\t<\/div>\n\t\t<\/section>\n\t\t\t\t<\/div>","protected":false},"excerpt":{"rendered":"<p>IN\u0160TITUT za ekonomska raziskovanja VIZIJA IN POSLANSTVO Vizija: do leta 2030 \u0161e pove\u010dati prepoznavnost v mednarodnem raziskovalnem prostoru. Poslanstvo: na\u0161e poslanstvo in gonilo na\u0161ih aktivnosti je ustvarjanje temeljnega znanja in izvajanje vrhunskih raziskav na podro\u010dju ekonomije, ki so pomembni za trajnostni razvoj Republike Slovenije. Pri tem raziskovalna usmeritev temelji na raziskovalnem programu \u00bbNova razvojna strategija Slovenije v EU\u00ab, ki se vsebinsko dopolnjuje z izvajanjem \u0161tevilnih projektov v doma\u010dem in mednarodnem okolju NARO\u010cNIKI IER ima \u017ee dolgoletno tradicijo v uspe\u0161nem sodelovanju z uporabniki znanja. Pri svojem delu sledimo ciljem Slovenije v okviru Strategije razvoja 2030, s \u010dimer smo usmerjeni v prou\u010devanje gospodarskih, socialnih in okoljskih razvojnih dejavnikov kot tudi medgeneracijskih in prostorskih dimenzij trajnostnega razvoja in v prou\u010devanje, razvoj in uporabo metodolo\u0161kih orodij, ki omogo\u010dajo izdelavo strokovnih podlag pri izvajanju zastavljene strategije razvoja Slovenije, s \u010dimer prispevamo k hitri in u\u010dinkoviti odzivnosti na strate\u0161ke in teko\u010de potrebe nosilcev ekonomske politike. Tako med na\u0161e naro\u010dnike sodijo predvsem razli\u010dna ministrstva, uradi, institucije regionalne in lokalne ravni ter drugi javni zavodi. Kvalitetno delo in zmo\u017enost prenosa pridobljenih znanj, metodologij in orodij v prakso se odra\u017ea tudi v uspe\u0161nem sodelovanju s podjetji. Desetletja delovanja na podro\u010dju svetovanja in uspe\u0161no izvedeni projekti so dokaz zaupanja poslovne javnosti. In\u0161titut \u017ee vrsto let sodeluje v okviru razli\u010dnih konzorcijev in skupin, ki za potrebe Evropske komisije in druge naro\u010dnike pripravljajo neodvisne informacije, analize in ekspertize na podro\u010dju javnih politik. VKLJU\u010cENOST V IZOBRA\u017dEVALNI PROCES Raziskovalci In\u0161tituta sodelujejo kot predavatelji na razli\u010dnih doma\u010dih in tujih univerzah ter opravljajo mentorska usposabljanja mladih raziskovalcev. U\u010dinek delovanja In\u0161tituta se odra\u017ea tudi v vzgoji vrhunskih kadrov za potrebe univerz, visokih strokovnih \u0161ol, dr\u017eavne uprave, slovenske diplomacije ter mednarodnih organizacij. \u0160TEVILO RAZISKOVALNIH PROJEKTOV V PRETEKLEM LETU Raziskovalci IER so bili v letu 2023 vklju\u010deni v izvajanje 45 projektov, od tega: 14 doma\u010dih projektov, pridobljenih na trgu, 10 mednarodnih raziskovalnih projektov, 4 temeljnih projektov Javne agencije znanstvenoraziskovalno in inovacijsko dejavnost RS, 8 projektov ciljnega raziskovalnega programa Javne agencije RS za znanstvenoraziskovalno in inovacijsko dejavnost RS. Pri projektih, razpisanih s strani Javne agencije RS za raziskovalno in inovacijsko dejavnost, je bil IER nosilec pri \u0161estih projektih ciljnega raziskovalnega programa in enem temeljnem projektu.<\/p>","protected":false},"author":1,"featured_media":0,"parent":0,"menu_order":0,"comment_status":"closed","ping_status":"closed","template":"elementor_header_footer","meta":{"_acf_changed":false,"footnotes":"","_links_to":"","_links_to_target":""},"class_list":["post-1996","page","type-page","status-publish","hentry"],"acf":[],"publishpress_future_action":{"enabled":false,"date":"2026-04-12 13:34:50","action":"change-status","newStatus":"draft","terms":[],"taxonomy":"","extraData":[]},"publishpress_future_workflow_manual_trigger":{"enabledWorkflows":[]},"_links":{"self":[{"href":"https:\/\/www.ier.si\/en\/wp-json\/wp\/v2\/pages\/1996","targetHints":{"allow":["GET"]}}],"collection":[{"href":"https:\/\/www.ier.si\/en\/wp-json\/wp\/v2\/pages"}],"about":[{"href":"https:\/\/www.ier.si\/en\/wp-json\/wp\/v2\/types\/page"}],"author":[{"embeddable":true,"href":"https:\/\/www.ier.si\/en\/wp-json\/wp\/v2\/users\/1"}],"replies":[{"embeddable":true,"href":"https:\/\/www.ier.si\/en\/wp-json\/wp\/v2\/comments?post=1996"}],"version-history":[{"count":148,"href":"https:\/\/www.ier.si\/en\/wp-json\/wp\/v2\/pages\/1996\/revisions"}],"predecessor-version":[{"id":9857,"href":"https:\/\/www.ier.si\/en\/wp-json\/wp\/v2\/pages\/1996\/revisions\/9857"}],"wp:attachment":[{"href":"https:\/\/www.ier.si\/en\/wp-json\/wp\/v2\/media?parent=1996"}],"curies":[{"name":"wp","href":"https:\/\/api.w.org\/{rel}","templated":true}]}}